{"id":499,"date":"2015-03-03T20:41:10","date_gmt":"2015-03-03T19:41:10","guid":{"rendered":"http:\/\/lestransbordeurs.com\/blog\/?page_id=499"},"modified":"2015-03-08T21:43:52","modified_gmt":"2015-03-08T20:43:52","slug":"presse","status":"publish","type":"page","link":"https:\/\/lestransbordeurs.com\/blog\/?page_id=499","title":{"rendered":"Presse"},"content":{"rendered":"<p>Retrouvez dans cette rubrique quelques m\u00e9dias illustrant les spectacles des Transbordeurs au fil des ann\u00e9es.<\/p>\n<p> <video width=\"565\" height=\"423\" controls poster=\"http:\/\/lestransbordeurs.com\/images\/clip-placeholder.png\"><source src=\"http:\/\/lestransbordeurs.com\/videos\/clip_1.mp4\" type=\"video\/mp4\"><source src=\"http:\/\/lestransbordeurs.com\/videos\/clip-tsb2015.webm\" type=\"video\/webm\">Votre navigateur ne supporte pas la balise vid\u00e9o.<\/video><br \/>\nNotre Teaser 2015 !<\/p>\n<p> <video width=\"565\" height=\"423\" controls><source src=\"http:\/\/lestransbordeurs.com\/videos\/rockengrain.mp4\" type=\"video\/mp4\"><source src=\"http:\/\/lestransbordeurs.com\/videos\/rockengrain.webm\" type=\"video\/webm\">Votre navigateur ne supporte pas la balise vid\u00e9o.<\/video><br \/>\nPetit reportage photo sur un cabaret<\/p>\n","protected":false},"excerpt":{"rendered":"<p>Retrouvez dans cette rubrique quelques m\u00e9dias illustrant les spectacles des Transbordeurs au fil des ann\u00e9es. Votre navigateur ne supporte pas la balise vid\u00e9o. Notre Teaser 2015 ! Votre navigateur ne supporte pas la balise vid\u00e9o. Petit reportage photo sur un &hellip; <a href=\"https:\/\/lestransbordeurs.com\/blog\/?page_id=499\">Continuer la lecture <span class=\"meta-nav\">&rarr;<\/span><\/a><\/p>\n","protected":false},"author":1,"featured_media":0,"parent":0,"menu_order":0,"comment_status":"closed","ping_status":"open","template":"","meta":[],"_links":{"self":[{"href":"https:\/\/lestransbordeurs.com\/blog\/index.php?rest_route=\/wp\/v2\/pages\/499"}],"collection":[{"href":"https:\/\/lestransbordeurs.com\/blog\/index.php?rest_route=\/wp\/v2\/pages"}],"about":[{"href":"https:\/\/lestransbordeurs.com\/blog\/index.php?rest_route=\/wp\/v2\/types\/page"}],"author":[{"embeddable":true,"href":"https:\/\/lestransbordeurs.com\/blog\/index.php?rest_route=\/wp\/v2\/users\/1"}],"replies":[{"embeddable":true,"href":"https:\/\/lestransbordeurs.com\/blog\/index.php?rest_route=%2Fwp%2Fv2%2Fcomments&post=499"}],"version-history":[{"count":24,"href":"https:\/\/lestransbordeurs.com\/blog\/index.php?rest_route=\/wp\/v2\/pages\/499\/revisions"}],"predecessor-version":[{"id":531,"href":"https:\/\/lestransbordeurs.com\/blog\/index.php?rest_route=\/wp\/v2\/pages\/499\/revisions\/531"}],"wp:attachment":[{"href":"https:\/\/lestransbordeurs.com\/blog\/index.php?rest_route=%2Fwp%2Fv2%2Fmedia&parent=499"}],"curies":[{"name":"wp","href":"https:\/\/api.w.org\/{rel}","templated":true}]}}