{"id":314,"date":"2014-11-11T13:26:15","date_gmt":"2014-11-11T12:26:15","guid":{"rendered":"http:\/\/lestransbordeurs.com\/blog\/?page_id=314"},"modified":"2019-11-24T19:44:22","modified_gmt":"2019-11-24T18:44:22","slug":"newsletter","status":"publish","type":"page","link":"https:\/\/lestransbordeurs.com\/blog\/?page_id=314","title":{"rendered":"Newsletter"},"content":{"rendered":"<p>Pour vous abonner \u00e0 notre lettre d&#8217;informations, il vous suffit de remplir le formulaire suivant.<\/p>\n<form action=\"\/newsletter\/subscription.php\" method=\"post\" target=\"pmnlwindow\" onsubmit=\"window.open('\/newsletter\/subscription.php', 'pmnlwindow', 'scrollbars=yes,width=700,height=210');return true\">\n\t\t\t\tVotre adresse email : <input type=\"text\" name=\"email_addr\" value=\"\" size=\"30\"><br \/>\n\t\t\t\t<input type=\"hidden\" name=\"list_id\" value=\"1\"><br \/>\n\t\t\t\t<input type=\"hidden\" name=\"op\" value=\"join\"><br \/>\n\t\t\t\t<input type=\"submit\" value=\"souscrire\"><\/form>\n<p>Vous recevrez r\u00e9guli\u00e8rement des infos sur nos spectacles \u00e0 venir.<br \/>\nGaranti sans spam !<br \/>\nBien entendu, vous pourrez vous d\u00e9sabonner \u00e0 tout moment.<\/p>\n","protected":false},"excerpt":{"rendered":"<p>Pour vous abonner \u00e0 notre lettre d&#8217;informations, il vous suffit de remplir le formulaire suivant. Votre adresse email : Vous recevrez r\u00e9guli\u00e8rement des infos sur nos spectacles \u00e0 venir. Garanti sans spam ! Bien entendu, vous pourrez vous d\u00e9sabonner \u00e0 &hellip; <a href=\"https:\/\/lestransbordeurs.com\/blog\/?page_id=314\">Continuer la lecture <span class=\"meta-nav\">&rarr;<\/span><\/a><\/p>\n","protected":false},"author":1,"featured_media":0,"parent":0,"menu_order":0,"comment_status":"closed","ping_status":"open","template":"","meta":[],"_links":{"self":[{"href":"https:\/\/lestransbordeurs.com\/blog\/index.php?rest_route=\/wp\/v2\/pages\/314"}],"collection":[{"href":"https:\/\/lestransbordeurs.com\/blog\/index.php?rest_route=\/wp\/v2\/pages"}],"about":[{"href":"https:\/\/lestransbordeurs.com\/blog\/index.php?rest_route=\/wp\/v2\/types\/page"}],"author":[{"embeddable":true,"href":"https:\/\/lestransbordeurs.com\/blog\/index.php?rest_route=\/wp\/v2\/users\/1"}],"replies":[{"embeddable":true,"href":"https:\/\/lestransbordeurs.com\/blog\/index.php?rest_route=%2Fwp%2Fv2%2Fcomments&post=314"}],"version-history":[{"count":16,"href":"https:\/\/lestransbordeurs.com\/blog\/index.php?rest_route=\/wp\/v2\/pages\/314\/revisions"}],"predecessor-version":[{"id":1137,"href":"https:\/\/lestransbordeurs.com\/blog\/index.php?rest_route=\/wp\/v2\/pages\/314\/revisions\/1137"}],"wp:attachment":[{"href":"https:\/\/lestransbordeurs.com\/blog\/index.php?rest_route=%2Fwp%2Fv2%2Fmedia&parent=314"}],"curies":[{"name":"wp","href":"https:\/\/api.w.org\/{rel}","templated":true}]}}