{"id":2,"date":"2011-12-29T16:40:54","date_gmt":"2011-12-29T16:40:54","guid":{"rendered":"http:\/\/lestransbordeurs.com\/blog\/\/?page_id=2"},"modified":"2024-10-23T12:26:55","modified_gmt":"2024-10-23T10:26:55","slug":"about","status":"publish","type":"page","link":"https:\/\/lestransbordeurs.com\/blog\/?page_id=2","title":{"rendered":"Qui sont les Transbordeurs ?"},"content":{"rendered":"<p><strong>Les Transbordeurs, pourquoi ?<\/strong><\/p>\n<p>Le pont transbordeur fait r\u00e9f\u00e9rence au patrimoine historique nantais. Il enjambait la Loire au niveau de l\u2019actuel pont Anne de Bretagne. D\u2019ailleurs une association milite pour sa reconstruction. V\u00e9ritable projet ? Utopie ? De l\u2019utopie \u00e0 l\u2019imagination il n\u2019y a qu\u2019un pas et de l\u2019imagination \u00e0 l\u2019improvisation\u2026<br \/>\nEt puis un transbordeur relie une rive \u00e0 l\u2019autre, met en relation les gens entre eux.<br \/>\nC\u2019est le passage d\u2019un c\u00f4t\u00e9 \u00e0 l\u2019autre, d\u2019un univers \u00e0 un autre, de la r\u00e9alit\u00e9 \u00e0 l\u2019imagination.<br \/>\nImagination. Improvisation. Utopie.<\/p>\n<p><strong>Qui \u00eates-vous vraiment ?<\/strong><\/p>\n<p>Nous sommes des transbordeurs et des transbordeuses qui allons ici et l\u00e0 faire des transbordements, voire des transbordages ! D\u2019ailleurs les transbordeurs ne partent pas en tourn\u00e9e, mais en transbord\u00e9es. Nous partons \u00e0 la rencontre pour cr\u00e9er du lien.<br \/>\nNous allons au-del\u00e0 des fronti\u00e8res pour mieux les faire tomber. Nous sommes les transfrontaliers de l\u2019improvisation. Des transbordeurs, en somme.<\/p>\n<p><strong>Mais alors pourquoi th\u00e9\u00e2tre d\u2019intervention ?<\/strong><\/p>\n<p>Et bien \u00e0 la base, il s\u2019agit d\u2019improvisation th\u00e9\u00e2trale. Mais nous pratiquons l\u2019improvisation tous azimuts : dans les bars, en joute, en cabaret, \u00e0 domicile, sur sc\u00e8ne, en canular, dans la rue\u2026 Voil\u00e0 pourquoi intervention. Nous intervenons. Tout comme nous faisons intervenir puisque le public est acteur. Il est actif. Il participe au spectacle en \u00e9crivant les th\u00e8mes, en donnant des contraintes de jeu, en votant, voire en jouant dans nos sayn\u00e8tes.<\/p>\n<p><strong>Quel est le lien entre vous ?<\/strong><\/p>\n<p>Nous sommes 16 : 8 filles,\u00a08 gar\u00e7ons. A la base, nous sommes pour la plupart pass\u00e9s par la Lina pour y faire notre apprentissage. C\u2019est l\u00e0 que l\u2019on s\u2019est connu. Nous y avons fait nos gammes et appris les bases de l\u2019improvisation, plut\u00f4t tourn\u00e9e vers le match. Puis l\u2019envie de voler de nos propres ailes est venue et avec elle, l\u2019envie de nous produire en public, de jouer et d\u2019enrichir nos interventions (on y revient !) par de nouveaux domaines o\u00f9 l\u2019improvisation \u00e0 tous ses droits.<br \/>\nCe qui nous r\u00e9unit c\u2019est le plaisir de jouer ensemble et rendre ce plaisir au public. Parce que l\u2019improvisation g\u00e9n\u00e8re beaucoup de convivialit\u00e9, de complicit\u00e9, de partage.<\/p>\n<p><strong>Comment faites-vous ? Quel est votre secret ?<\/strong><\/p>\n<p>L\u2019improvisation ne s\u2019improvise pas. On se retrouve une fois pas semaine pour s\u2019entra\u00eener, essayer de nouvelles cat\u00e9gories, de nouveaux personnages, de nouveaux registres\u2026 Nous nous enrichissons les uns les autres de nos observations dans la rue, au travail, au cin\u00e9ma\u2026 et nous travaillons \u00e0 partir de ce mat\u00e9riau. Nous emmagasinons les id\u00e9es dans une sorte de bo\u00eete \u00e0 outils imaginaire et nous piochons dedans quand il s\u2019agit d\u2019improviser en public.<\/p>\n","protected":false},"excerpt":{"rendered":"<p>Les Transbordeurs, pourquoi ? Le pont transbordeur fait r\u00e9f\u00e9rence au patrimoine historique nantais. Il enjambait la Loire au niveau de l\u2019actuel pont Anne de Bretagne. D\u2019ailleurs une association milite pour sa reconstruction. V\u00e9ritable projet ? Utopie ? De l\u2019utopie \u00e0 &hellip; <a href=\"https:\/\/lestransbordeurs.com\/blog\/?page_id=2\">Continuer la lecture <span class=\"meta-nav\">&rarr;<\/span><\/a><\/p>\n","protected":false},"author":1,"featured_media":0,"parent":0,"menu_order":0,"comment_status":"open","ping_status":"open","template":"","meta":[],"_links":{"self":[{"href":"https:\/\/lestransbordeurs.com\/blog\/index.php?rest_route=\/wp\/v2\/pages\/2"}],"collection":[{"href":"https:\/\/lestransbordeurs.com\/blog\/index.php?rest_route=\/wp\/v2\/pages"}],"about":[{"href":"https:\/\/lestransbordeurs.com\/blog\/index.php?rest_route=\/wp\/v2\/types\/page"}],"author":[{"embeddable":true,"href":"https:\/\/lestransbordeurs.com\/blog\/index.php?rest_route=\/wp\/v2\/users\/1"}],"replies":[{"embeddable":true,"href":"https:\/\/lestransbordeurs.com\/blog\/index.php?rest_route=%2Fwp%2Fv2%2Fcomments&post=2"}],"version-history":[{"count":11,"href":"https:\/\/lestransbordeurs.com\/blog\/index.php?rest_route=\/wp\/v2\/pages\/2\/revisions"}],"predecessor-version":[{"id":1454,"href":"https:\/\/lestransbordeurs.com\/blog\/index.php?rest_route=\/wp\/v2\/pages\/2\/revisions\/1454"}],"wp:attachment":[{"href":"https:\/\/lestransbordeurs.com\/blog\/index.php?rest_route=%2Fwp%2Fv2%2Fmedia&parent=2"}],"curies":[{"name":"wp","href":"https:\/\/api.w.org\/{rel}","templated":true}]}}